{"id":13,"date":"2009-04-15T21:22:08","date_gmt":"2009-04-15T18:22:08","guid":{"rendered":"http:\/\/mariamalsharqiyya.com\/?page_id=13"},"modified":"2024-06-30T14:52:37","modified_gmt":"2024-06-30T11:52:37","slug":"tapahtumia","status":"publish","type":"page","link":"https:\/\/mariamalsharqiyya.com\/?page_id=13&lang=fi","title":{"rendered":"Tapahtumia"},"content":{"rendered":"<p><span style=\"font-size: 12pt;\"><em><b>Let&#8217;s Baladi Passion 19-21.7.2024<\/b><\/em><\/span><\/p>\n<p><strong><span style=\"font-size: small;\">Hotel Alicante Golf, Alicante, Espanja<\/span><\/strong><\/p>\n<p>It\u00e4maisen tanssin ja el\u00e4v\u00e4n musiikin festivaali, jossa treenataan arabialaisen orkesterin s\u00e4estyksell\u00e4. Mariam esiintyy iltan\u00e4yt\u00f6ksess\u00e4! Festivaalin j\u00e4rjest\u00e4v\u00e4t upeat taiteilijat Esther Asensi ja Ahmed Henkesh.&nbsp;<\/p>\n<p>&nbsp;<\/p>\n<p><span style=\"font-size: 12pt;\"><em><b>Helsinki Oriental Birthday Celebration 28.10.2023 klo 18.30<\/b><\/em><\/span><\/p>\n<p><strong><span style=\"font-size: small;\">Helsinki Oriental studio, Helsingin Kalasatama<\/span><\/strong><\/p>\n<p>Tanssistudion 5-vuotisjuhlat, jossa biletunnelmaa ja paljon esityksi\u00e4, mukana Mariam.<\/p>\n<p>&nbsp;<\/p>\n<p><span style=\"font-size: 12pt;\"><em><b>Helsinki Oriental Summer Sessions 10.6.2023, iltamat klo 18<\/b><\/em><\/span><\/p>\n<p><strong><span style=\"font-size: small;\">Satama Bistro Bar, Helsinki<\/span><\/strong><\/p>\n<p>Rennot iltamat ja herkullinen buffetti Helsinki Oriental tanssistudion kes\u00e4tapahtumassa, my\u00f6s Mariam esiintyy!<\/p>\n<p>&nbsp;<\/p>\n<p><span style=\"font-size: 12pt;\"><em><b>Ilona goes Xmas 19.11.2022 klo 20<\/b><\/em><\/span><\/p>\n<p><strong><span style=\"font-size: small;\">Ihan vaan Pubi, Piikki\u00f6<\/span><\/strong><\/p>\n<p>Pikkujoulut it\u00e4maisella tanssilla, mukana Mariam! Liput ovelta 5 euroa. Juhlat j\u00e4rjest\u00e4\u00e4 ihana Ilona!<\/p>\n<p>&nbsp;<\/p>\n<p><span style=\"font-size: 12pt;\"><em><b>Kev\u00e4tkuu 27.5.2022 klo 18<\/b><\/em><\/span><\/p>\n<p><strong><span style=\"font-size: small;\">Martinsali, Raisio<\/span><\/strong><\/p>\n<p>Moon Dance Studion juhlan\u00e4yt\u00f6s, jossa esiintyy my\u00f6s duo Merja &amp; Mariam<\/p>\n<p>&nbsp;<\/p>\n<p><span style=\"font-size: 12pt;\"><em><b>IlonaVol6 25.3.2022 klo 18.30<\/b><\/em><\/span><\/p>\n<p><strong><span style=\"font-size: small;\">Sigyn-sali, Turku<\/span><\/strong><\/p>\n<p>Tanssin\u00e4yt\u00f6ksess\u00e4 mukana duo Merja &amp; Mariam<\/p>\n<p>&nbsp;<\/p>\n<p><span style=\"font-size: 12pt;\"><em><b>Tuhat ja yksi it\u00e4maista s\u00e4velt\u00e4 26.11.2019 klo 19<\/b><\/em><\/span><\/p>\n<p><strong><span style=\"font-size: small;\">Savoy-teatteri, Helsinki<\/span><\/strong><\/p>\n<p>Arabialaisen musiikin ja tanssin konsertissa Al Teslim &amp; Oriental Tunes, Mariam ja Erika<\/p>\n<p>&nbsp;<\/p>\n<p><span style=\"font-size: 12pt;\"><em><b>Masrahin illanvietto 9.11.2019 klo 17<\/b><\/em><\/span><\/p>\n<p><strong><span style=\"font-size: small;\">Nukketeatteri Sampo, Helsinki<\/span><\/strong><\/p>\n<p>&nbsp;<\/p>\n<p><span style=\"font-size: 12pt;\"><em><b>London Live Overture 6.9.2019 klo 19.30<\/b><\/em><\/span><\/p>\n<p><strong><span style=\"font-size: small;\">Zigfrid von Underbelly of Hoxton, Lontoo<\/span><\/strong><\/p>\n<p>El\u00e4v\u00e4n musiikin ja tanssin ilta Baladi Blues Ensemblen kanssa, Mariam esiintyy my\u00f6s!<\/p>\n<p>&nbsp;<\/p>\n<p><span style=\"font-size: 12pt;\"><em><b>Helsinki Oriental Summer Sessions 14.6.2019 klo 19<\/b><\/em><\/span><\/p>\n<p><strong><span style=\"font-size: small;\">Satama Bistro Bar, Helsinki<\/span><\/strong><\/p>\n<p>Tanssiesityksi\u00e4 ja buffetti<\/p>\n<p>&nbsp;<\/p>\n<p><span style=\"font-size: 12pt;\"><em><b>Arabic Music Intensive Weekend 13.4.2019<\/b><\/em><\/span><\/p>\n<p><strong><span style=\"font-size: small;\">Mystika Studio, Tallinna<\/span><\/strong><\/p>\n<p>Iltashow:ssa mukana Mariam<\/p>\n<p>&nbsp;<\/p>\n<p><span style=\"font-size: 12pt;\"><em><b>Eilat Festival 22.2.2019<\/b><\/em><\/span><\/p>\n<p><strong><span style=\"font-size: small;\">Isrotel Sport Hotel, Eilat<\/span><\/strong><\/p>\n<p>Mariam tanssii egyptil\u00e4ist\u00e4 baladia Eilatin festivaaleilla<\/p>\n<p>&nbsp;<\/p>\n<p><span style=\"font-size: 12pt;\"><em><b>Helwa El Dunya 8.6.2018 klo 20<\/b><\/em><\/span><\/p>\n<p><strong><span style=\"font-size: small;\">Aleksanterin teatteri, Helsinki<\/span><\/strong><\/p>\n<p>Al Amirat esiintyy kes\u00e4festivaalien n\u00e4yt\u00f6ksess\u00e4<\/p>\n<p>&nbsp;<\/p>\n<p><span style=\"font-size: 12pt;\"><em><b>Raks Madrid 30.4.2018<\/b><\/em><\/span><\/p>\n<p><strong><span style=\"font-size: small;\">Sala Galileo Galilei, Madrid<\/span><\/strong><\/p>\n<p>Mariam esiintyy live-musiikin tahtiin Raks Madrid -festivaaleilla<\/p>\n<h2>Layali El Hob 19.3.2016 klo 18<\/h2>\n<p><strong><span style=\"font-size: x-small;\">\u00c5bo Svenska Teater, studion\u00e4ytt\u00e4m\u00f6, Turku<\/span><\/strong><\/p>\n<p>Al Amirat juhlii 20-vuotissyntym\u00e4p\u00e4ivi\u00e4! Juhlan\u00e4yt\u00f6ksess\u00e4 nostalgiaa vuosien varrelta sek\u00e4 uutta ihanaa.<\/p>\n<p>Liput ennakkoon 17e, ovelta 20e. Lapset 10\/12e.<\/p>\n<p>Tiedustelut ja varaukset&nbsp;<em>Mariam.<\/em><\/p>\n<h2>Oriental Live! 22.3.2014<br \/>\n<span style=\"font-size: x-small;\">Hotelli Rikala, Salo<\/span><\/h2>\n<p>V\u00e4limerellinen ilta tanssin, musiikin, hyv\u00e4n ruuan ja yst\u00e4vien seurassa! Esiintym\u00e4ss\u00e4 <strong>Zorbas Orkesteri<\/strong>&nbsp;sek\u00e4 tanssijat Mariam, Marion Christodoulou, Merja Haapanen ja Ilona Carlsson-Suvanto sek\u00e4 tanssiryhm\u00e4 Niilin Liljat. Ohjelmassa kreikkalaista ja arabialaista musiikkia, tanssiesityksi\u00e4 ja vapaata tanssimista.&nbsp;My\u00f6s&nbsp;v\u00e4limerellinen buffet ja it\u00e4mainen basaari. Ilta jatkuu y\u00f6kerhon puolella!<\/p>\n<p>Liput ennakkoon 20e, ovelta 23e. Buffet 15e.<\/p>\n<p>Tiedustelut ja varaukset&nbsp;<em>Mariam.<\/em><\/p>\n<h2>Kylpyl\u00e4viikonloppu Kaisankodissa 15-16.2.2014<\/h2>\n<p><strong><span style=\"font-size: x-small;\">Kaisankoti, Bodomintie 37, Espoo<\/span><\/strong><\/p>\n<p><span style=\"font-size: small;\">Rentouttava viikonloppu tanssin ja musiikin parissa. &nbsp;Live-musiikkia; lavalla&nbsp;Zorbas orkesteri! Kurssittamassa Helena Mets\u00e4 ja Marion Christodoulou. Lauantaina 15.2 kartanoillallisilla tanssi- ja musiikkiesityksi\u00e4 klo 18.30, esiintym\u00e4ss\u00e4 my\u00f6s Mariam! <\/span><\/p>\n<p>Tiedustelut ja varaukset&nbsp;<em><a href=\"http:\/\/www.tanssivaaurinko.fi\" target=\"_blank\" rel=\"noopener\">Helena Mets\u00e4, Tanssiva Aurinko&nbsp;<\/a><\/em><\/p>\n<h2>Kairon Matka 24.11.2012<br \/>\n<span style=\"font-size: xx-small;\">Ravintola K\u00e5ren, H\u00e4meenkatu 22, Turku. Boarding time 19.00<\/span><\/h2>\n<p>El\u00e4v\u00e4\u00e4 musiikkia, tanssiesityksi\u00e4 ja Kairon basaarien&nbsp;aarteita &#8211;&nbsp;yhden&nbsp;y\u00f6n&nbsp;tunnelmallinen Kairon Matka Turun K\u00e5renilla! Illan aikana kuullaan klassista it\u00e4maista Al Teslim \u2013orkesteria ja nautitaan samalla tanssiesityksist\u00e4, virvokkeista, tapaksista ja hyv\u00e4st\u00e4 seurasta egyptil\u00e4iseen tyyliin. Orkesteri soittaa musiikkia my\u00f6s yleis\u00f6n tanssittavaksi!&nbsp; Matkaliput 23\/20 euroa.<\/p>\n<p>Lavalla:<\/p>\n<p>Leif Karlson, qanun, oud<\/p>\n<p>Eira Karlson, keman<\/p>\n<p>Kai Olander, na\u00ef, sax<\/p>\n<p>Christer Hackman, tabla, duff<\/p>\n<p>Adam Warne (UK), tabla, riqq<\/p>\n<p>Tanssimassa Marion Christodoulou, Merja Haapanen, Heidi ja Mariam\u2026. sek\u00e4 my\u00f6s yll\u00e4tyksi\u00e4 luvassa!<\/p>\n<p>Tanssikurssit K\u00e5renilla samana p\u00e4iv\u00e4n\u00e4 klo 13.30-15.30, el\u00e4v\u00e4n musiikin s\u00e4estyksell\u00e4. Upea mahdollisuus aloittaa Kairon Matka illan orkesterimme seurassa! Kurssiohjelma&nbsp;l\u00f6ytyy&nbsp;Mariamin Kurssit-sivulta.<\/p>\n<p><a href=\"http:\/\/www.facebook.com\/#!\/events\/417762498256091\/\" target=\"_blank\" rel=\"noopener\"><em>Kairon Matka facebookissa<\/em><\/a><\/p>\n<p>Tiedustelut ja varaukset <em>Mariam<\/em><\/p>\n<h2>Mabrouk Masrah! 27.10.2012<br \/>\n<span style=\"font-size: xx-small;\">Savoy teatteri, Helsinki, klo 17.00<\/span><\/h2>\n<p>Masrah ry. t\u00e4ytt\u00e4\u00e4 20 vuotta \u2013 juhlan\u00e4yt\u00f6s Helsingin Savoy-teatterissa! Ohjelmassa klassikkotansseja vuosien varrelta, tietysti uusina sovituksina. N\u00e4yt\u00f6ksen j\u00e4lkeen juhlaillalliset Savoyn upeassa ravintolassa. Liput 29\/20 euroa, j\u00e4senet 15 euroa. Illallinen 40 euroa. Lippuja saa lippupalvelusta ja Hennalta Masrahista.<\/p>\n<p>Tiedustelut ja varaukset <a href=\"http:\/\/www.masrah.fi\" target=\"_blank\" rel=\"noopener\"><em>Masrah ry. <\/em><\/a><\/p>\n<h2>T\u00e4htisadetta &#8211; it\u00e4maisen tanssin n\u00e4yt\u00f6s 29.9.2012<br \/>\n<span style=\"font-size: xx-small;\">K\u00f6ysiteatteri, Linnankatu 54, Turku. N\u00e4yt\u00f6s alkaa klo 18.00.<\/span><\/h2>\n<p>Illan t\u00e4htivieraana Yallar Latviasta! Esiintym\u00e4ss\u00e4 my\u00f6s Mizmarin tanssiryhm\u00e4 hauskalla nuubialaistanssilla, Al Amirat, Elysium ja Third Wish. N\u00e4yt\u00f6sliput 15\/12 euroa.<\/p>\n<p>Lis\u00e4ksi Yallar kurssittaa la-su 29-30.9 Moon Dance Studiolla, aiheina huiviviuhka- ja baladytanssit.<\/p>\n<p>Tiedustelut ja varaukset <a href=\"http:\/\/www.mizmar.net\" target=\"_blank\" rel=\"noopener\"><em>Mizmar ry<\/em><\/a><\/p>\n<h2>Mizmar ry:n&nbsp;it\u00e4maisen tanssin kev\u00e4tn\u00e4yt\u00f6s 12.5.2012<br \/>\n<span style=\"font-size: xx-small;\">Teatteri Tarmo, Virusm\u00e4entie 10, Turku, klo 17.00<\/span><\/h2>\n<p>Esiintym\u00e4ss\u00e4 Mizmar ry:n j\u00e4senet, opettajat ja oppilaat! Paikalla my\u00f6s ihanat basaarit ja herkkukahvio. Liput 8\/5 euroa.<\/p>\n<p>Tiedustelut ja varaukset <a href=\"http:\/\/www.mizmar.net\" target=\"_blank\" rel=\"noopener\"><em>Mizmar ry<\/em><\/a><\/p>\n<h2>Oriental Dance Festival, Turun Tulinen Tanssip\u00e4iv\u00e4 3.3.2012<br \/>\n<span style=\"font-size: xx-small;\">Turun konservatorio ja Sigyn-sali, Linnankatu 60, Turku<\/span><\/h2>\n<p>It\u00e4maisen tanssin kursseja&nbsp;klo 11.00-18.30 ja upea Feenix-Show Sigyniss\u00e4 klo 19.00. Esiintym\u00e4ss\u00e4 mm. ihanat Olga Nour ja Fatima Serin. Mariam&nbsp;opettaa Belly Ballet -tunnilla 17.00-18.30!<\/p>\n<p>Tiedustelut ja varaukset <em><a href=\"http:\/\/www.orientaldance.fi\/festival\/\" target=\"_blank\" rel=\"noopener\">Afifa Studio<\/a><\/em><\/p>\n<h2>Kev\u00e4tn\u00e4yt\u00f6s, Mizmar ry&nbsp;20.05.2011<br \/>\n<span style=\"font-size: xx-small;\">Teatteri Tarmo, Virusm\u00e4entie 10,&nbsp;klo 19, Turku<\/span><\/h2>\n<p>It\u00e4maista tanssia ja fuusiotansseja, basaari. Mariam&nbsp;esiintyy klassiseen &#8220;kulta-ajan&#8221; tyyliin.<\/p>\n<p>Tiedustelut ja varaukset <a href=\"http:\/\/www.mizmar.net\" target=\"_blank\" rel=\"noopener\"><em>Mizmar ry&nbsp;<\/em><\/a><\/p>\n<h2>Kangastuksia 05.02.2011<br \/>\n<span style=\"font-size: xx-small;\">Ty\u00f6v\u00e4enopiston juhlasali klo 18, Turku<\/span><\/h2>\n<p>Al Amirat tanssii ihania ryhm\u00e4- ja soolotansseja, lis\u00e4ksi esiintyj\u00e4vieraina mm.&nbsp;Mizmar ry. Paikalla Studio Dum Tekin basaari. Liput 12\/6 euroa.<\/p>\n<p>Tiedustelut ja varaukset <em>Mariam <\/em><\/p>\n<h2>Raqset Al Kharif &#8211; Syystanssi 2.10.2010<br \/>\n<span style=\"font-size: xx-small;\">Sigyn-sali klo 19, Turku<\/span><\/h2>\n<p>Mizmar ry:n it\u00e4maisen tanssin n\u00e4yt\u00f6s, liput 15\/12 euroa. Vierailevina esiintyjin\u00e4 Al Amirat, Elysium, Mihrimah ja Tuija Rinne.<\/p>\n<p>Tiedustelut <em><a href=\"http:\/\/www.mizmar.net\" target=\"_blank\" rel=\"noopener\">Mizmar ry <\/a><\/em><\/p>\n<h2>Raks Madrid 29.6-4.7.10<br \/>\n<span style=\"font-size: xx-small;\">Rivas, Vaciamadrid, Espanja<\/span><\/h2>\n<p>It\u00e4maisen tanssin ja musiikin huippufestivaali, mukana Nesma, Nour, Mahmoud Reda, Farida Fahmy&#8230;<\/p>\n<p>Tiedustelut<a href=\"http:\/\/www.raksmadrid.com\" target=\"_blank\" rel=\"noopener\"> <em>Raks Madrid<\/em><\/a><\/p>\n<h2>Yalla! festivaali 10-13.6.10<br \/>\n<span style=\"font-size: xx-small;\">Helsinki<\/span><\/h2>\n<p>Kansainv\u00e4linen it\u00e4maisen tanssin festivaali,&nbsp;mm. &nbsp;Mohamed Shabana orkestereineen ja Mahmoud Redan 80-vuotis juhlan\u00e4yt\u00f6s Peacock-teatterissa.&nbsp; Mukana n\u00e4yt\u00f6ksiss\u00e4 Al Amirat.<\/p>\n<p>Tiedustelut <em><a href=\"http:\/\/www.masrah.fi\" target=\"_blank\" rel=\"noopener\">Masrah ry<\/a><\/em><\/p>\n<h2>Tarik el Nougoum-festivaali 19-23.5.10<br \/>\n<span style=\"font-size: xx-small;\">Moskova, Ven\u00e4j\u00e4<\/span><\/h2>\n<p>Yasser Al Swery, Nour ja egyptil\u00e4inen orkesteri tahdittavat gaalan\u00e4yt\u00f6st\u00e4 ja kilpailua.<\/p>\n<p>Tiedustelut&nbsp;&nbsp;<em><a href=\"http:\/\/www.nour-orientaldance.com\" target=\"_blank\" rel=\"noopener\">Nour <\/a><\/em><\/p>\n<h2>Raqs Delilah 21.11.09<br \/>\n<span style=\"font-size: xx-small;\">Sigyn-sali, Turku<\/span><\/h2>\n<p>Mizmar-yhdistyksen&nbsp;5-vuotis juhlan\u00e4yt\u00f6s!<\/p>\n<p>Tiedustelut ja lippuvaraukset &nbsp;<em><a title=\"mizmar.net\" href=\"http:\/\/www.mizmar.net\" target=\"_blank\" rel=\"noopener\">Mizmar ry<\/a><\/em><\/p>\n<h2>International&nbsp;Oriental Dance Festival&nbsp;6-8.11.09<br \/>\n<span style=\"font-size: xx-small;\">Tallinna, Viro<\/span><\/h2>\n<p>Festivaaleilla mukana ihanat Khaled Mahmoud ja Nour.<\/p>\n<p>Tiedustelut <em><a title=\"oriental dance\" href=\"http:\/\/www.orientaldance.ee\" target=\"_blank\" rel=\"noopener\">Pille&nbsp; Roosi <\/a><\/em><\/p>\n<h2>Lootuksen tuoksua 31.10.09<br \/>\n<span style=\"font-size: xx-small;\">Ravintola Koulu, Turku<\/span><\/h2>\n<p>Illallinen ja it\u00e4maista tanssia, ohjelma alkaa kello 19.00. Paikalla my\u00f6s upea basaari!<\/p>\n<p>Tiedustelut ja illalliskortit <em><a title=\"alamirat.net\" href=\"http:\/\/www.alamirat.net\" target=\"_blank\" rel=\"noopener\">Al Amirat ry<\/a><\/em><\/p>\n<h2>Raks Madrid festivaali 6-12.7.09<br \/>\n<span style=\"font-size: xx-small;\">Rivas, Vaciamadrid, Espanja<\/span><\/h2>\n<p>Kansainv\u00e4linen it\u00e4maisen tanssin festivaali, mukana mm. Mahmoud Reda &amp; Farida Fahmy. Mariam ja Al Amirat esiintyv\u00e4t.<\/p>\n<p>Tiedustelut <em><a title=\"raksmadrid.com\" href=\"http:\/\/www.raksmadrid.com\" target=\"_blank\" rel=\"noopener\">Raksmadrid<\/a><\/em><\/p>\n","protected":false},"excerpt":{"rendered":"<p>Let&#8217;s Baladi Passion 19-21.7.2024 Hotel Alicante Golf, Alicante, Espanja It\u00e4maisen tanssin ja el\u00e4v\u00e4n musiikin festivaali, jossa treenataan arabialaisen orkesterin s\u00e4estyksell\u00e4. Mariam esiintyy iltan\u00e4yt\u00f6ksess\u00e4! Festivaalin j\u00e4rjest\u00e4v\u00e4t upeat taiteilijat Esther Asensi ja Ahmed Henkesh.&nbsp; &nbsp; Helsinki Oriental Birthday Celebration 28.10.2023 klo 18.30 Helsinki Oriental studio, Helsingin Kalasatama Tanssistudion 5-vuotisjuhlat, jossa biletunnelmaa ja paljon esityksi\u00e4, mukana Mariam. &nbsp; [&hellip;]<\/p>\n","protected":false},"author":2,"featured_media":0,"parent":0,"menu_order":5,"comment_status":"closed","ping_status":"closed","template":"tapahtumia.php","meta":{"ngg_post_thumbnail":0,"footnotes":""},"class_list":["post-13","page","type-page","status-publish","hentry"],"aioseo_notices":[],"_links":{"self":[{"href":"https:\/\/mariamalsharqiyya.com\/index.php?rest_route=\/wp\/v2\/pages\/13","targetHints":{"allow":["GET"]}}],"collection":[{"href":"https:\/\/mariamalsharqiyya.com\/index.php?rest_route=\/wp\/v2\/pages"}],"about":[{"href":"https:\/\/mariamalsharqiyya.com\/index.php?rest_route=\/wp\/v2\/types\/page"}],"author":[{"embeddable":true,"href":"https:\/\/mariamalsharqiyya.com\/index.php?rest_route=\/wp\/v2\/users\/2"}],"replies":[{"embeddable":true,"href":"https:\/\/mariamalsharqiyya.com\/index.php?rest_route=%2Fwp%2Fv2%2Fcomments&post=13"}],"version-history":[{"count":60,"href":"https:\/\/mariamalsharqiyya.com\/index.php?rest_route=\/wp\/v2\/pages\/13\/revisions"}],"predecessor-version":[{"id":176,"href":"https:\/\/mariamalsharqiyya.com\/index.php?rest_route=\/wp\/v2\/pages\/13\/revisions\/176"}],"wp:attachment":[{"href":"https:\/\/mariamalsharqiyya.com\/index.php?rest_route=%2Fwp%2Fv2%2Fmedia&parent=13"}],"curies":[{"name":"wp","href":"https:\/\/api.w.org\/{rel}","templated":true}]}}