{"id":9,"date":"2009-04-15T21:21:38","date_gmt":"2009-04-15T18:21:38","guid":{"rendered":"http:\/\/mariamalsharqiyya.com\/?page_id=9"},"modified":"2026-04-14T12:41:10","modified_gmt":"2026-04-14T09:41:10","slug":"kurssit","status":"publish","type":"page","link":"http:\/\/mariamalsharqiyya.com\/?page_id=9&lang=fi","title":{"rendered":"Kurssit"},"content":{"rendered":"<p><span style=\"font-size: medium;\"><strong>It\u00e4maisen tanssin tiiviskurssi, alkeisjatko<\/strong><\/span><\/p>\n<p><strong><em>tiistaisin klo 19.40-20.40<\/em><\/strong><\/p>\n<p><strong><em>14-28.4.2026, Studio Shake, Tikkurikuja 1, Helsinki<\/em><\/strong><\/p>\n<p>Tiiviskurssilla jatketaan it\u00e4maisen tanssin perusteiden parissa ja tanssitaan ihanan egyptil\u00e4isen musiikin tahtiin!<\/p>\n<p>Ilmoittautumiset: <a href=\"http:\/\/www.studioshake.fi\">studioshake.fi<\/a><\/p>\n<p>&nbsp;<\/p>\n<p><span style=\"font-size: medium;\"><strong>It\u00e4maisen tanssin alkeet<\/strong><\/span><\/p>\n<p><strong><em>tiistaisin klo 19.40-20.40<\/em><\/strong><\/p>\n<p><strong><em>kev\u00e4tkausi 13.1-24.3.2026, Studio Shake, Tikkurikuja 1, Helsinki<\/em><\/strong><\/p>\n<p>Tunneilla tutustutaan it\u00e4maisen tanssin perustekniikkaan: lantion pehmeisiin ja ter\u00e4viin liikkeisiin sek\u00e4 yl\u00e4vartalon ja k\u00e4sien liikkeisiin ja k\u00e4ytt\u00f6\u00f6n tanssissa. Harjoittelemme my\u00f6s kaunista tanssillista k\u00e4vely\u00e4 ja erilaisia askeleita, joita it\u00e4mainen tanssi my\u00f6s sis\u00e4lt\u00e4\u00e4. Alkeistunneilla tehd\u00e4\u00e4n my\u00f6s tanssisarjoja ja koreografiaa.&nbsp;<\/p>\n<p>Ilmoittautumiset: studioshake.fi<\/p>\n<p>&nbsp;<\/p>\n<p><span style=\"font-size: medium;\"><strong>It\u00e4maisen tanssin keskitaso<\/strong><\/span><\/p>\n<p><strong><em>keskiviikkoisin klo 18.00-19.00<\/em><\/strong><\/p>\n<p><strong><em>kev\u00e4tkausi 14.1-13.5.2026, Studio Shake, Tikkurikuja 1, Helsinki<\/em><\/strong><\/p>\n<p>Tunneilla tehd\u00e4\u00e4n tekniikkaharjoituksia ja tanssisarjoja sek\u00e4 opetellaan koreografia, joka on mahdollista esitt\u00e4\u00e4 tanssikoulun kev\u00e4tn\u00e4yt\u00f6ksess\u00e4. Tuntiin pyrit\u00e4\u00e4n sis\u00e4llytt\u00e4m\u00e4\u00e4n aina jonkin verran vanhan kertausta, jotta p\u00e4\u00e4st\u00e4\u00e4n vain nauttimaan tutusta tanssista. Tavoitteena on saada lis\u00e4\u00e4 liikkuvuutta kehoon, samalla kuitenkin harjoitellen my\u00f6s isolaatiota ja koordinaatiota.&nbsp;<\/p>\n<p>Ilmoittautumiset: studioshake.fi<\/p>\n<p>&nbsp;<\/p>\n<p><span style=\"font-size: medium;\"><strong>It\u00e4maisen tanssin keskitaso<\/strong><\/span><\/p>\n<p><strong><em>torstaisin klo 18.00-19.00<\/em><\/strong><\/p>\n<p><strong><em>syyskausi 14.8-4.12.2025, Studio Shake, Tikkurikuja 1, Helsinki<\/em><\/strong><\/p>\n<p>Ilmoittautumiset: studioshake.fi<\/p>\n<p>&nbsp;<\/p>\n<p><span style=\"font-size: medium;\"><strong>It\u00e4maisen tanssin tutustumistunti<\/strong><\/span><\/p>\n<p><strong><em>tiistaina 12.8.2025 klo 19.40-20.40<\/em><\/strong><\/p>\n<p><strong><em>Studio Shake, Tikkurikuja 1, Helsinki<\/em><\/strong><\/p>\n<p>Tutustumistunti uusille oppilaille: harjoitellaan it\u00e4maisen tanssin perustekniikoita.<\/p>\n<p>Ilmoittautumiset: studioshake.fi<\/p>\n<p>&nbsp;<\/p>\n<p><span style=\"font-size: medium;\"><strong>It\u00e4maisen tanssin tehoalkeet<\/strong><\/span><\/p>\n<p><strong><em>tiistaina 7.1.2025 klo 18.00-19.15<\/em><\/strong><\/p>\n<p><strong><em>Studio Shake, Tikkurikuja 1, Helsinki<\/em><\/strong><\/p>\n<p>Tammikuun tehoalkeissa tutustutaan rauhalliseen tahtiin it\u00e4maisen tanssin perusteisiin ja k\u00e4yd\u00e4\u00e4n l\u00e4pi perustekniikoita. Tehoalkeiden j\u00e4lkeen voit jatkaa alkeet\/alkeisjatko -viikkotunneilla.<\/p>\n<p>Ilmoittautumiset: studioshake.fi<\/p>\n<p>&nbsp;<\/p>\n<p><span style=\"font-size: medium;\"><strong>It\u00e4maisen tanssin alkeet \/ alkeisjatko<\/strong><\/span><\/p>\n<p><strong><em>torstaisin klo 18.00-19.00<\/em><\/strong><\/p>\n<p><strong><em>kev\u00e4tkausi 9.1-8.5.2025, Studio Shake, Tikkurikuja 1, Helsinki<\/em><\/strong><\/p>\n<p>Ilmoittautumiset: studioshake.fi<\/p>\n<p>&nbsp;<\/p>\n<p><span style=\"font-size: medium;\"><strong>It\u00e4maisen tanssin alkeet<\/strong><\/span><\/p>\n<p><strong><em>torstaisin klo 18.55-19.55<\/em><\/strong><\/p>\n<p><strong><em>syyskausi 15.8-5.12.2024, Studio Shake, Tikkurikuja 1, Helsinki<\/em><\/strong><\/p>\n<p>Tervetuloa vatsatanssin viikkotunneille tanssikoulu Shakeen Tikkurilaan! It\u00e4maisen tanssin liikekieli tekee hyv\u00e4\u00e4 sel\u00e4lle ja vahvistaa keskivartaloa. Tanssitunti on virkist\u00e4v\u00e4 el\u00e4mys, jossa kehon jumit avautuvat pehmeiss\u00e4 lantion liikkeiss\u00e4 samalla uutta oppien, kauniita linjauksia unohtamatta.<\/p>\n<p>Ilmoittautumiset: studioshake.fi<\/p>\n<p>&nbsp;<\/p>\n<p><span style=\"font-size: medium;\"><strong>Oriental Live! -tanssity\u00f6paja el\u00e4v\u00e4n musiikin s\u00e4estyksell\u00e4<\/strong><\/span><\/p>\n<p><strong><em>&nbsp;<strong><em>la 22.3.2014 klo 13-15,&nbsp;Salohallin peilisali, Pormestarinkatu 5, Salo &nbsp;<\/em><\/strong><\/em><\/strong><\/p>\n<p>-Musiikista vastaa Duo Zorbas ja Christer Hackman, tanssinopettajina Mariam, Marion Christodoulou ja Merja Haapanen<\/p>\n<p>-Sopii kaikille alkeet osaaville<\/p>\n<p><em><strong>Eri soittimet, kappaleet ja opettajat puhuttelevat meit\u00e4 omalla tavallaan. Tule tanssimaan ja kuulostelemaan, mit\u00e4 el\u00e4v\u00e4 musiikki sinussa her\u00e4tt\u00e4\u00e4!<\/strong><\/em><\/p>\n<p>Kurssi 25e, ilmoittautumiset Marion Christodoulou: 040 847 4684<\/p>\n<p>&nbsp;<\/p>\n<p><span style=\"font-size: medium;\"><strong>Tanssikurssi el\u00e4v\u00e4n musiikin s\u00e4estyksell\u00e4!<\/strong><\/span><\/p>\n<p><strong><em>la 24.11.2012 klo 13.30-15.30, K\u00e5ren, Turku <\/em><\/strong><\/p>\n<p>Kurssilla tanssitaan el\u00e4v\u00e4n musiikin s\u00e4estyksell\u00e4 nelj\u00e4n eri opettajan ohjauksessa. P\u00e4\u00e4paino on kontaktin ja hyv\u00e4n tunnelman luomisessa muusikoiden ja tanssijoiden v\u00e4lille. Al Teslim &#8211; orkesteri s\u00e4est\u00e4\u00e4 kurssia, opettajina Mariam, Heidi, Merja Haapanen ja Marion Christodoulou. Kurssi sopii kaikille it\u00e4maisen tanssin perusteet hallitseville. Hinta 20 euroa.<\/p>\n<p>Tanssikurssin ohjelma:<\/p>\n<p>&#8211; eri soitinten esittely&nbsp;sek\u00e4 tunnelmaan ja tyyliin sopivan liikekielen l\u00f6yt\u00e4minen<\/p>\n<p>&#8211; saidi-rytmi sek\u00e4 rumpusoolon tekniikkaa egyptil\u00e4isen tyylin mukaan<\/p>\n<p>&#8211; rytmin ja melodian yhdist\u00e4minen sek\u00e4 baladytyylin tekniikkaa<\/p>\n<p>&#8211; pieni tanssisarja illan Kairon Matkalle mukaan:)<\/p>\n<p>Ilmoittautumiset Mariamille<\/p>\n<p>&nbsp;<\/p>\n<p><span style=\"font-size: medium;\"><strong>Belly Ballet!!!<\/strong><\/span><\/p>\n<p><strong><em>la 3.3.2012 klo 17-18.30, Turun konservatorion tanssisali, Linnankatu 60.&nbsp; Oriental Dance Festival, Turun&nbsp;Tulinen&nbsp;Tanssip\u00e4iv\u00e4, j\u00e4rj. Afifa Studio. <\/em><\/strong><\/p>\n<p>Belly Ballet \u2013kurssilla keskityt\u00e4\u00e4n tanssillisuutta tukeviin elementteihin, kuten hyv\u00e4n tasapainon ja vartalon kauniiden linjausten hakemiseen. Tehd\u00e4\u00e4n py\u00f6r\u00e4hdyksist\u00e4 ja askelsarjoista kauniita ja ilmavia. Opitaan, kuinka \u201dlattia on tanssijan paras yst\u00e4v\u00e4\u201d.<\/p>\n<p>Tunti sis\u00e4lt\u00e4\u00e4 venyttely\u00e4 sek\u00e4 balettitunnilta lainattuja kevyit\u00e4 lihasharjoitteita, jotka sopivat it\u00e4maisille tanssijoille.<\/p>\n<p>Kurssi sopii keskitasosta (1-2 vuotta tanssineet) eteenp\u00e4in kaikille.<\/p>\n<p>Tiedustelut ja ilmoittautumiset <em><a href=\"http:\/\/www.orientaldance.fi\/festival\/\" target=\"_blank\" rel=\"noopener\">Afifa Studio<\/a><\/em><\/p>\n<p>&nbsp;<\/p>\n<p><span style=\"font-size: medium;\"><strong>Kurssitusta tilauksesta!<\/strong><\/span><\/p>\n<p><strong><em>Tekniikkakurssilla <\/em><\/strong>harjoitellaan askelsarjoja, piruetteja ja koordinaatiota sek\u00e4 egyptil\u00e4isen tanssin keskivartalotekniikkaa. Tekniikan opiskelu voi painottua my\u00f6s jonkin tanssiv\u00e4lineen, kuten hunnun, kepin tai milayan hallintaan.<\/p>\n<p><strong><em>Koreografiakurssilla <\/em><\/strong>opiskellaan arabialaisen musiikin rytmej\u00e4 ja rakennetta ja tanssitaan koreografia egyptil\u00e4isen tyylin balady- estradi- tai kansantansseihin.<\/p>\n<p><strong><em>Kehonhuoltokurssilla<\/em><\/strong> vahvistetaan ja venytell\u00e4\u00e4n lihaksia ja haetaan liikeratoihin laajuutta. Tunti sis\u00e4lt\u00e4\u00e4 baletin lattiatanko-tyyppisi\u00e4 harjoitteita.<\/p>\n","protected":false},"excerpt":{"rendered":"<p>It\u00e4maisen tanssin tiiviskurssi, alkeisjatko tiistaisin klo 19.40-20.40 14-28.4.2026, Studio Shake, Tikkurikuja 1, Helsinki Tiiviskurssilla jatketaan it\u00e4maisen tanssin perusteiden parissa ja tanssitaan ihanan egyptil\u00e4isen musiikin tahtiin! Ilmoittautumiset: studioshake.fi &nbsp; It\u00e4maisen tanssin alkeet tiistaisin klo 19.40-20.40 kev\u00e4tkausi 13.1-24.3.2026, Studio Shake, Tikkurikuja 1, Helsinki Tunneilla tutustutaan it\u00e4maisen tanssin perustekniikkaan: lantion pehmeisiin ja ter\u00e4viin liikkeisiin sek\u00e4 yl\u00e4vartalon ja k\u00e4sien [&hellip;]<\/p>\n","protected":false},"author":2,"featured_media":0,"parent":0,"menu_order":6,"comment_status":"closed","ping_status":"closed","template":"kurssit.php","meta":{"ngg_post_thumbnail":0,"footnotes":""},"class_list":["post-9","page","type-page","status-publish","hentry"],"aioseo_notices":[],"_links":{"self":[{"href":"http:\/\/mariamalsharqiyya.com\/index.php?rest_route=\/wp\/v2\/pages\/9","targetHints":{"allow":["GET"]}}],"collection":[{"href":"http:\/\/mariamalsharqiyya.com\/index.php?rest_route=\/wp\/v2\/pages"}],"about":[{"href":"http:\/\/mariamalsharqiyya.com\/index.php?rest_route=\/wp\/v2\/types\/page"}],"author":[{"embeddable":true,"href":"http:\/\/mariamalsharqiyya.com\/index.php?rest_route=\/wp\/v2\/users\/2"}],"replies":[{"embeddable":true,"href":"http:\/\/mariamalsharqiyya.com\/index.php?rest_route=%2Fwp%2Fv2%2Fcomments&post=9"}],"version-history":[{"count":23,"href":"http:\/\/mariamalsharqiyya.com\/index.php?rest_route=\/wp\/v2\/pages\/9\/revisions"}],"predecessor-version":[{"id":187,"href":"http:\/\/mariamalsharqiyya.com\/index.php?rest_route=\/wp\/v2\/pages\/9\/revisions\/187"}],"wp:attachment":[{"href":"http:\/\/mariamalsharqiyya.com\/index.php?rest_route=%2Fwp%2Fv2%2Fmedia&parent=9"}],"curies":[{"name":"wp","href":"https:\/\/api.w.org\/{rel}","templated":true}]}}