{"id":34,"date":"2009-04-19T23:56:44","date_gmt":"2009-04-19T20:56:44","guid":{"rendered":"http:\/\/mariamalsharqiyya.com\/?page_id=34"},"modified":"2022-11-11T19:10:52","modified_gmt":"2022-11-11T16:10:52","slug":"mariam","status":"publish","type":"page","link":"http:\/\/mariamalsharqiyya.com\/?page_id=34&lang=fi","title":{"rendered":"Mariam"},"content":{"rendered":"<blockquote><p><span style=\"color: #ebebeb;\">&#8221; Arabialainen musiikki on kauneinta maailmassa. &#8220;<\/span><\/p><\/blockquote>\n<p>Mariam aloitti tanssiopintonsa jo lapsena balettikoulussa. It\u00e4maiseen tanssiin h\u00e4n tutustui vuonna -94 ja on siit\u00e4 l\u00e4htien perehtynyt laajasti egyptil\u00e4isen tanssin eri tyyleihin: baladiin, estradityyleihin ja Mahmoud Redan tanssitekniikkaan. Lis\u00e4ksi h\u00e4n on opiskellut my\u00f6s muita L\u00e4hi-Id\u00e4n tanssityylej\u00e4 sek\u00e4 flamencotanssia ja argentiinalaista tangoa.<\/p>\n<p>Mariamin tanssityyli on pehme\u00e4, egyptil\u00e4inen tyyli ja h\u00e4n rakastaa erityisesti tarab-musiikkia.<\/p>\n<blockquote><p><span style=\"color: #ebebeb;\">&#8221; It\u00e4mainen tanssi on parhaimmillaan runollista ja kaunista musiikin ja tunteiden tulkintaa. &#8220;<\/span><\/p><\/blockquote>\n<p>Mariam tekee koreografioita ja esiintyy tanssisolistina n\u00e4yt\u00f6ksiss\u00e4 ja juhlissa sek\u00e4 yhdess\u00e4 muusikoiden kanssa. H\u00e4n my\u00f6s opettaa it\u00e4maisen tanssin kursseja. Mariam on valmistunut Turun Taideakatemiasta taiteen tuottajaksi ja on opinnoissaan erikoistunut tanssin ja teatterin tuottamiseen. H\u00e4n on t\u00e4ydent\u00e4nyt opintojaan Teatterikorkeakoulussa Helsingiss\u00e4.<\/p>\n","protected":false},"excerpt":{"rendered":"<p>&#8221; Arabialainen musiikki on kauneinta maailmassa. &#8220; Mariam aloitti tanssiopintonsa jo lapsena balettikoulussa. It\u00e4maiseen tanssiin h\u00e4n tutustui vuonna -94 ja on siit\u00e4 l\u00e4htien perehtynyt laajasti egyptil\u00e4isen tanssin eri tyyleihin: baladiin, estradityyleihin ja Mahmoud Redan tanssitekniikkaan. Lis\u00e4ksi h\u00e4n on opiskellut my\u00f6s muita L\u00e4hi-Id\u00e4n tanssityylej\u00e4 sek\u00e4 flamencotanssia ja argentiinalaista tangoa. Mariamin tanssityyli on pehme\u00e4, egyptil\u00e4inen tyyli ja [&hellip;]<\/p>\n","protected":false},"author":2,"featured_media":0,"parent":0,"menu_order":2,"comment_status":"closed","ping_status":"closed","template":"","meta":{"ngg_post_thumbnail":0,"footnotes":""},"class_list":["post-34","page","type-page","status-publish","hentry"],"aioseo_notices":[],"_links":{"self":[{"href":"http:\/\/mariamalsharqiyya.com\/index.php?rest_route=\/wp\/v2\/pages\/34","targetHints":{"allow":["GET"]}}],"collection":[{"href":"http:\/\/mariamalsharqiyya.com\/index.php?rest_route=\/wp\/v2\/pages"}],"about":[{"href":"http:\/\/mariamalsharqiyya.com\/index.php?rest_route=\/wp\/v2\/types\/page"}],"author":[{"embeddable":true,"href":"http:\/\/mariamalsharqiyya.com\/index.php?rest_route=\/wp\/v2\/users\/2"}],"replies":[{"embeddable":true,"href":"http:\/\/mariamalsharqiyya.com\/index.php?rest_route=%2Fwp%2Fv2%2Fcomments&post=34"}],"version-history":[{"count":14,"href":"http:\/\/mariamalsharqiyya.com\/index.php?rest_route=\/wp\/v2\/pages\/34\/revisions"}],"predecessor-version":[{"id":172,"href":"http:\/\/mariamalsharqiyya.com\/index.php?rest_route=\/wp\/v2\/pages\/34\/revisions\/172"}],"wp:attachment":[{"href":"http:\/\/mariamalsharqiyya.com\/index.php?rest_route=%2Fwp%2Fv2%2Fmedia&parent=34"}],"curies":[{"name":"wp","href":"https:\/\/api.w.org\/{rel}","templated":true}]}}