{"id":11,"date":"2009-04-15T21:21:53","date_gmt":"2009-04-15T18:21:53","guid":{"rendered":"http:\/\/mariamalsharqiyya.com\/?page_id=11"},"modified":"2018-09-11T16:23:07","modified_gmt":"2018-09-11T13:23:07","slug":"esitykset","status":"publish","type":"page","link":"http:\/\/mariamalsharqiyya.com\/?page_id=11&lang=fi","title":{"rendered":"Esitykset"},"content":{"rendered":"<p style=\"text-align: left;\"><img loading=\"lazy\" decoding=\"async\" class=\"alignnone size-full wp-image-100\" title=\"siella-missa-on-musiikkia\" src=\"http:\/\/mariamalsharqiyya.com\/wp-content\/uploads\/siella-missa-on-musiikkia.png\" alt=\"siella-missa-on-musiikkia\" width=\"300\" height=\"41\" \/><\/p>\n<p style=\"text-align: left;\"><span style=\"color: #ebebeb;\">&#8220;Miss\u00e4 on musiikkia, siell\u00e4 ei voi olla mit\u00e4\u00e4n pahaa&#8221;<span style=\"font-size: xx-small;\"><br \/>\n-espanjalainen sananlasku-<\/span><\/span><\/p>\n<p>It\u00e4mainen tanssi ja musiikki kuuluvat perinteisesti egyptil\u00e4isten h\u00e4iden ohjelmistoon. Esitykseen voi kuulua useitakin tanssisettej\u00e4, joissa tyyli ja puvut tietysti vaihtuvat! Mariam esiintyy paitsi h\u00e4\u00e4juhlissa, my\u00f6s tanssifestivaaleilla ja teatterin\u00e4yt\u00f6ksiss\u00e4 koti- ja ulkomailla.<\/p>\n<p>Mariam esiintyy my\u00f6s arabialaista musiikkia soittavien orkesterien tanssisolistina.<\/p>\n<p><strong>Esityksen voi antaa my\u00f6s lahjaksi!<\/strong><\/p>\n","protected":false},"excerpt":{"rendered":"<p>&#8220;Miss\u00e4 on musiikkia, siell\u00e4 ei voi olla mit\u00e4\u00e4n pahaa&#8221; -espanjalainen sananlasku- It\u00e4mainen tanssi ja musiikki kuuluvat perinteisesti egyptil\u00e4isten h\u00e4iden ohjelmistoon. Esitykseen voi kuulua useitakin tanssisettej\u00e4, joissa tyyli ja puvut tietysti vaihtuvat! Mariam esiintyy paitsi h\u00e4\u00e4juhlissa, my\u00f6s tanssifestivaaleilla ja teatterin\u00e4yt\u00f6ksiss\u00e4 koti- ja ulkomailla. Mariam esiintyy my\u00f6s arabialaista musiikkia soittavien orkesterien tanssisolistina. Esityksen voi antaa my\u00f6s lahjaksi!<\/p>\n","protected":false},"author":2,"featured_media":0,"parent":0,"menu_order":7,"comment_status":"closed","ping_status":"closed","template":"tilaaesitys.php","meta":{"ngg_post_thumbnail":0,"footnotes":""},"class_list":["post-11","page","type-page","status-publish","hentry"],"aioseo_notices":[],"_links":{"self":[{"href":"http:\/\/mariamalsharqiyya.com\/index.php?rest_route=\/wp\/v2\/pages\/11","targetHints":{"allow":["GET"]}}],"collection":[{"href":"http:\/\/mariamalsharqiyya.com\/index.php?rest_route=\/wp\/v2\/pages"}],"about":[{"href":"http:\/\/mariamalsharqiyya.com\/index.php?rest_route=\/wp\/v2\/types\/page"}],"author":[{"embeddable":true,"href":"http:\/\/mariamalsharqiyya.com\/index.php?rest_route=\/wp\/v2\/users\/2"}],"replies":[{"embeddable":true,"href":"http:\/\/mariamalsharqiyya.com\/index.php?rest_route=%2Fwp%2Fv2%2Fcomments&post=11"}],"version-history":[{"count":5,"href":"http:\/\/mariamalsharqiyya.com\/index.php?rest_route=\/wp\/v2\/pages\/11\/revisions"}],"predecessor-version":[{"id":39,"href":"http:\/\/mariamalsharqiyya.com\/index.php?rest_route=\/wp\/v2\/pages\/11\/revisions\/39"}],"wp:attachment":[{"href":"http:\/\/mariamalsharqiyya.com\/index.php?rest_route=%2Fwp%2Fv2%2Fmedia&parent=11"}],"curies":[{"name":"wp","href":"https:\/\/api.w.org\/{rel}","templated":true}]}}